{"id":875,"date":"2018-07-10T20:37:43","date_gmt":"2018-07-10T19:37:43","guid":{"rendered":"https:\/\/www.pavillon-de-beauregard.com\/en\/?page_id=875"},"modified":"2021-09-22T08:00:53","modified_gmt":"2021-09-22T07:00:53","slug":"policy-of-confidentiality","status":"publish","type":"page","link":"https:\/\/www.pavillon-de-beauregard.com\/en\/policy-of-confidentiality","title":{"rendered":"Policy of confidentiality"},"content":{"rendered":"<h2>Who are we?<\/h2>\n<p>Our site Web address : https:\/\/www.pavillon-de-beauregard.com.<\/p>\n<p style=\"text-align: center;\">Madame et Monsieur VOEUX<br \/>\nPAVILLON DE BEAUREGARD<br \/>\n1541 Chemin de Beauregard \u2013 13 100 Aix en Provence<br \/>\nT\u00e9l : 06 61 37 28 88<br \/>\ncontact[@]pavillon-de-beauregard.com<\/p>\n<h2>Use of the collected personal data<\/h2>\n<h3>Contact Form<\/h3>\n<p>We keep the submissions of a vontact formt for the questions bound to the customer service, but we shall not use them for commercial purposes.<\/p>\n<h3>Cookies<\/h3>\n<p>We use the tool of statistics Analytics for our measures of audience.<\/p>\n<h2>Use and transmission of your personal data<\/h2>\n<p>We share your personal information with nobody.<\/p>\n<h2>Duration of storage of your data<\/h2>\n<p>We keep the data received via our forms of contact to stay in touch with our clientele.<\/p>\n<p>For the users\u00a0 who record on our site, we also store the personal data indicated in their profile. All the users and the users can see, modify or delete their personal information at any time. The administrators of the site can also see and modify this information.<br \/>\ninformations.<\/p>\n<h2>Transmission of your personal data<\/h2>\n<p>The OVH company accommodates our site and and pays a particular attention on the data protection.<br \/>\nhttps:\/\/www.ovh.co.uk\/<\/p>\n<h2>Contact Information<\/h2>\n<p>You can consult us at any time: :<br \/>\nMonsieur J\u00e9r\u00f4me VOEUX (D\u00e9l\u00e9gu\u00e9 \u00e0 la Protection des Donn\u00e9es)<br \/>\nPAVILLON DE BEAUREGARD<br \/>\n1541 Chemin de Beauregard \u2013\u00a0 F-13 100 Aix en Provence<br \/>\nTel : +33 (0)4 42 96 54 81 or +33 (0)6 61 37 28 88<br \/>\ncontact[@]pavillon-de-beauregard.com<\/p>\n<h3><\/h3>\n","protected":false},"excerpt":{"rendered":"<p>Who are we? Our site Web address : https:\/\/www.pavillon-de-beauregard.com. Madame et Monsieur VOEUX PAVILLON DE BEAUREGARD 1541 Chemin de Beauregard \u2013 13 100 Aix en Provence T\u00e9l : 06 61 37 28 88 contact[@]pavillon-de-beauregard.com Use of the collected personal data Contact Form We keep the submissions of a vontact formt for the questions bound to [&hellip;]<\/p>\n","protected":false},"author":1,"featured_media":0,"parent":0,"menu_order":0,"comment_status":"closed","ping_status":"closed","template":"","meta":{"footnotes":""},"aioseo_notices":[],"_links":{"self":[{"href":"https:\/\/www.pavillon-de-beauregard.com\/en\/wp-json\/wp\/v2\/pages\/875"}],"collection":[{"href":"https:\/\/www.pavillon-de-beauregard.com\/en\/wp-json\/wp\/v2\/pages"}],"about":[{"href":"https:\/\/www.pavillon-de-beauregard.com\/en\/wp-json\/wp\/v2\/types\/page"}],"author":[{"embeddable":true,"href":"https:\/\/www.pavillon-de-beauregard.com\/en\/wp-json\/wp\/v2\/users\/1"}],"replies":[{"embeddable":true,"href":"https:\/\/www.pavillon-de-beauregard.com\/en\/wp-json\/wp\/v2\/comments?post=875"}],"version-history":[{"count":0,"href":"https:\/\/www.pavillon-de-beauregard.com\/en\/wp-json\/wp\/v2\/pages\/875\/revisions"}],"wp:attachment":[{"href":"https:\/\/www.pavillon-de-beauregard.com\/en\/wp-json\/wp\/v2\/media?parent=875"}],"curies":[{"name":"wp","href":"https:\/\/api.w.org\/{rel}","templated":true}]}}