{"id":44,"date":"2014-06-10T22:53:04","date_gmt":"2014-06-10T21:53:04","guid":{"rendered":"http:\/\/www.pavillon-de-beauregard.com\/en\/?page_id=44"},"modified":"2021-09-22T08:00:29","modified_gmt":"2021-09-22T07:00:29","slug":"location","status":"publish","type":"page","link":"https:\/\/www.pavillon-de-beauregard.com\/en\/location","title":{"rendered":"Location"},"content":{"rendered":"<p>Madame and Monsieur Voeux welcome you with great pleasure.<br \/>\nHere is how to find Pavillon de Beauregard&#8230;<br \/>\n<span style=\"color: #ff0000;\">WARNING : Make sure you go via Avenue Jean et Marcel Fontenaille.The path between the path of l&rsquo;Echelle and the path of Beauregard is not passable by car.<br \/>\n<\/span><br \/>\n<iframe loading=\"lazy\" style=\"border: 0;\" src=\"https:\/\/www.google.com\/maps\/embed?pb=!1m14!1m8!1m3!1d2891.9566755890423!2d5.467992!3d43.544945!3m2!1i1024!2i768!4f13.1!3m3!1m2!1s0x12c98c2cd8579cbd%3A0xf462682d4fd95a11!2sLe+Pavillon+de+Beauregard!5e0!3m2!1sfr!2sfr!4v1401701542548\" width=\"950\" height=\"400\" frameborder=\"0\"><\/iframe><\/p>\n<p><img loading=\"lazy\" decoding=\"async\" class=\"alignleft size-full wp-image-126\" src=\"http:\/\/www.pavillon-de-beauregard.com\/wp-content\/uploads\/bnb-ptt.jpg\" alt=\"bnb-ptt\" width=\"12\" height=\"10\" \/>More information:<\/p>\n<div class=\"csRow\">\n<div class=\"csColumnGap\" style=\"margin: 0px; padding: 0px; float: left; width: 5.94%; text-align: center;\"><img decoding=\"async\" src=\"http:\/\/www.pavillon-de-beauregard.com\/wp-content\/plugins\/advanced-wp-columns\/assets\/js\/plugins\/views\/img\/1x1-pixel.png\" alt=\"\" \/><\/div>\n<div class=\"csColumn\" style=\"margin: 0px; padding: 0px; float: left; width: 43.3%;\" data-csid=\"10a2f38b-a687-d651-8f4f-9e1c6940dccb\" data-cswidth=\"43.3%\" data-csendpoint=\"472.5\" data-csstartpoint=\"57\">\n<p style=\"text-align: center;\"><strong><span style=\"color: #993300;\">COMING FROM CITY CENTRE CENTRE<\/span><\/strong><\/p>\n<p><span style=\"color: #993300;\"><strong>Direction :<\/strong><\/span> PONT DE BERAUD \u2013 SAINT MARC JAUMEGARDE &#8211; VAUVENARGUES<\/p>\n<p><strong><span style=\"color: #993300;\">Follow the outer boulevards :<\/span><\/strong><br \/>\nAvenue VICTOR HUGO &#8211; Boulevard du ROI RENE &#8211; Boulevard CARNOT<\/p>\n<p><span style=\"color: #993300;\"><strong>Turn right<\/strong><\/span> into Cours des Arts et M\u00e9tiers direction : PONT DE BERAUD &#8211;<br \/>\nSAINT MARC JAUMEGARDE \u2013 VAUVENARGUES<\/p>\n<p><span style=\"color: #993300;\"><strong>Then<\/strong><\/span> l&rsquo;avenue de FONTENAILLE,<\/p>\n<p><strong><span style=\"color: #993300;\">After Lyc\u00e9e C\u00e9zanne and Intermarch\u00e9 supermarket<\/span><\/strong>, turn left at the lights towards Beauregard, and then right after the pharmacy into Chemin de Beauregard.<\/p>\n<p><span style=\"color: #993300;\"><strong>Then right after the pharmacy into<\/strong><\/span> Chemin de BEAUREGARD.<\/p>\n<p><strong><span style=\"color: #993300;\">Stay on Chemin de Beauregard<\/span><\/strong> (do not take Avenue de Beauregard), and go past two No Through Road signs: Pavillon de Beauregard is at the very end of the road.<\/p>\n<p><strong><span style=\"color: #993300;\">Do no hesite to call us :<\/span><\/strong><br \/>\n<strong> Tel : +33(0)6 61 37 28 88<\/strong><\/p>\n<\/div>\n<div class=\"csColumnGap\" style=\"margin: 0px; padding: 0px; float: left; width: 5.52%;\"><img decoding=\"async\" src=\"http:\/\/www.pavillon-de-beauregard.com\/wp-content\/plugins\/advanced-wp-columns\/assets\/js\/plugins\/views\/img\/1x1-pixel.png\" alt=\"\" \/><\/div>\n<div class=\"csColumn\" style=\"margin: 0px; padding: 0px; float: left; width: 43.7%;\" data-csid=\"21da09aa-1eef-223c-a110-ae350a5fd129\" data-cswidth=\"43.7%\" data-csendpoint=\"945\" data-csstartpoint=\"525.5\">\n<p style=\"text-align: center;\"><strong><span style=\"color: #993300;\">TRAVELLING USING GPS<\/span><\/strong><\/p>\n<p>If you use a GPS system, we recommend the following itinerary :<\/p>\n<p><strong><span style=\"color: #993300;\">Coming from Avignon or Sisteron :<\/span><\/strong><br \/>\nbypass the city and leave the motorway:<br \/>\nMOTORWAY EXIT 31 &#8211; Val St Andr\u00e9. Follow the directions on your GPS. Make sure you go via Avenue Jean et Marcel Fontenaille (towards Pont de B\u00e9raud, Saint Marc Jaumegarde, Vauvenargues).<\/p>\n<p><span style=\"color: #993300;\"><strong>Coming from Nice or Toulon:<\/strong><\/span><br \/>\nTake MOTORWAY EXIT 31 &#8211; Val St Andr\u00e9, 1st exit in your direction, and follow the directions on your GPS. Make sure you go via Avenue Jean et Marcel Fontenaille (towards Pont de B\u00e9raud, Saint Marc Jaumegarde, Vauvenargues)..<\/p>\n<p><strong><span style=\"color: #993300;\">Coming from Sisteron or Marseille:<\/span><\/strong><br \/>\nBypass the city and join the A8 motorway in the direction of Nice &#8211; Frejus &#8211; Saint Raphael, and leave the motorway: MOTORWAY EXIT 31 &#8211; Val St Andr\u00e9 and then follow the directions on your GPS. Make sure you go via Avenue Jean et Marcel Fontenaille (towards Pont de B\u00e9raud, Saint Marc Jaumegarde, Vauvenargues).<\/p>\n<p><span style=\"color: #993300;\"><strong>Coming from Aix City Centre:<\/strong><\/span><br \/>\nFollow the directions on your GPS. Make sure you go via Avenue Jean et Marcel Fontenaille (towards Pont de B\u00e9raud, Saint Marc Jaumegarde, Vauvenargues).<\/p>\n<p><strong><span style=\"color: #993300;\">Stay on le chemin de Beauregard<\/span><\/strong><br \/>\n(do not take Avenue de Beauregard), and go past two No Through Road signs: Pavillon de Beauregard is at the very end of the road.<\/p>\n<\/div>\n<div class=\"csColumnGap\" style=\"margin: 0px; padding: 0px; float: left; width: 1.56%;\"><img decoding=\"async\" src=\"http:\/\/www.pavillon-de-beauregard.com\/wp-content\/plugins\/advanced-wp-columns\/assets\/js\/plugins\/views\/img\/1x1-pixel.png\" alt=\"\" \/><\/div>\n<\/div>\n","protected":false},"excerpt":{"rendered":"<p>Madame and Monsieur Voeux welcome you with great pleasure. Here is how to find Pavillon de Beauregard&#8230; WARNING : Make sure you go via Avenue Jean et Marcel Fontenaille.The path between the path of l&rsquo;Echelle and the path of Beauregard is not passable by car. More information: COMING FROM CITY CENTRE CENTRE Direction : PONT [&hellip;]<\/p>\n","protected":false},"author":1,"featured_media":0,"parent":0,"menu_order":0,"comment_status":"closed","ping_status":"closed","template":"","meta":{"footnotes":""},"aioseo_notices":[],"_links":{"self":[{"href":"https:\/\/www.pavillon-de-beauregard.com\/en\/wp-json\/wp\/v2\/pages\/44"}],"collection":[{"href":"https:\/\/www.pavillon-de-beauregard.com\/en\/wp-json\/wp\/v2\/pages"}],"about":[{"href":"https:\/\/www.pavillon-de-beauregard.com\/en\/wp-json\/wp\/v2\/types\/page"}],"author":[{"embeddable":true,"href":"https:\/\/www.pavillon-de-beauregard.com\/en\/wp-json\/wp\/v2\/users\/1"}],"replies":[{"embeddable":true,"href":"https:\/\/www.pavillon-de-beauregard.com\/en\/wp-json\/wp\/v2\/comments?post=44"}],"version-history":[{"count":1,"href":"https:\/\/www.pavillon-de-beauregard.com\/en\/wp-json\/wp\/v2\/pages\/44\/revisions"}],"predecessor-version":[{"id":1370,"href":"https:\/\/www.pavillon-de-beauregard.com\/en\/wp-json\/wp\/v2\/pages\/44\/revisions\/1370"}],"wp:attachment":[{"href":"https:\/\/www.pavillon-de-beauregard.com\/en\/wp-json\/wp\/v2\/media?parent=44"}],"curies":[{"name":"wp","href":"https:\/\/api.w.org\/{rel}","templated":true}]}}