{"id":32,"date":"2014-06-10T22:45:25","date_gmt":"2014-06-10T21:45:25","guid":{"rendered":"http:\/\/www.pavillon-de-beauregard.com\/en\/?page_id=32"},"modified":"2014-06-12T15:22:28","modified_gmt":"2014-06-12T14:22:28","slug":"links-and-partners","status":"publish","type":"page","link":"https:\/\/www.pavillon-de-beauregard.com\/en\/links-and-partners","title":{"rendered":"Links and partners"},"content":{"rendered":"<div class=\"csRow\">\n<div class=\"csColumnGap\" style=\"margin: 0px; padding: 0px; float: left; width: 1.56%;\"><img decoding=\"async\" src=\"http:\/\/www.pavillon-de-beauregard.com\/en\/wp-content\/plugins\/advanced-wp-columns\/assets\/js\/plugins\/views\/img\/1x1-pixel.png\" alt=\"\" \/><\/div>\n<div class=\"csColumn\" style=\"margin: 0px; padding: 0px; float: left; width: 47.7%;\" data-csid=\"38a9f511-e97c-d281-af17-ffe432ea148f\" data-cswidth=\"47.7%\" data-csendpoint=\"472.5\" data-csstartpoint=\"15\">\n<p><a href=\"http:\/\/www.tours-in-provence.com\/english\/home.html\" target=\"_blank\"><img loading=\"lazy\" decoding=\"async\" class=\"alignleft wp-image-57 size-full\" src=\"http:\/\/www.pavillon-de-beauregard.com\/en\/wp-content\/uploads\/sites\/2\/2014\/06\/tours-in-provence.jpg\" alt=\"tours-in-provence\" width=\"120\" height=\"120\" \/><\/a><\/p>\n<p><a href=\"http:\/\/www.tours-in-provence.com\/english\/home.html\" target=\"_blank\">Tours in Provence<\/a><br \/>\nGuided tours in a private air-conditioned car<br \/>\nVerdon, Camargue, Provence<\/p>\n<p>&nbsp;<\/p>\n<p><a href=\"http:\/\/www.visitprovence.com\/en\" target=\"_blank\"><img loading=\"lazy\" decoding=\"async\" class=\"alignleft wp-image-70 size-full\" src=\"http:\/\/www.pavillon-de-beauregard.com\/en\/wp-content\/uploads\/sites\/2\/2014\/06\/bouches-du-rhone.jpg\" alt=\"bouches-du-rhone\" width=\"120\" height=\"120\" \/><\/a><a href=\"http:\/\/www.visitprovence.com\/en\" target=\"_blank\"><br \/>\nComit\u00e9 D\u00e9partemental du Tourisme <\/a><br \/>\nTourist board Bouches du Rh\u00f4ne<br \/>\nEvents and attractions in the region.<\/p>\n<p>&nbsp;<\/p>\n<p><a href=\"http:\/\/www.cycloplanet.com\" target=\"_blank\"><img loading=\"lazy\" decoding=\"async\" class=\"alignleft wp-image-62 size-full\" src=\"http:\/\/www.pavillon-de-beauregard.com\/en\/wp-content\/uploads\/sites\/2\/2014\/06\/cycloplanet.jpg\" alt=\"cycloplanet\" width=\"120\" height=\"120\" \/><\/a><a href=\"http:\/\/www.cycloplanet.com\/\" target=\"_blank\">CycloPlanet<\/a><br \/>\nsp\u00e9cialist in the sale and rental of electric bicycles and scooters<br \/>\nin Aix en Provence and its region<\/p>\n<p>&nbsp;<\/p>\n<\/div>\n<div class=\"csColumnGap\" style=\"margin: 0px; padding: 0px; float: left; width: 6.04%;\"><img decoding=\"async\" src=\"http:\/\/www.pavillon-de-beauregard.com\/en\/wp-content\/plugins\/advanced-wp-columns\/assets\/js\/plugins\/views\/img\/1x1-pixel.png\" alt=\"\" \/><\/div>\n<div class=\"csColumn\" style=\"margin: 0px; padding: 0px; float: left; width: 43.2%;\" data-csid=\"0b848cf1-a012-1458-a66a-4f98807d85c0\" data-cswidth=\"43.2%\" data-csendpoint=\"945\" data-csstartpoint=\"530.5\">\n<p><a href=\"http:\/\/www.aixenprovencetourism.com\/en\/\" target=\"_blank\"><img loading=\"lazy\" decoding=\"async\" class=\"alignleft wp-image-63 size-full\" src=\"http:\/\/www.pavillon-de-beauregard.com\/en\/wp-content\/uploads\/sites\/2\/2014\/06\/aix-en-provence-tourism.jpg\" alt=\"aix-en-provence-tourism\" width=\"120\" height=\"120\" \/><\/a><a href=\"http:\/\/www.aixenprovencetourism.com\/en\/\" target=\"_blank\">Tourist board <\/a><br \/>\n<a href=\"http:\/\/www.aixenprovencetourism.com\/en\/\" target=\"_blank\">\u00a0Aix en Provence<br \/>\n<\/a>events, activities and attractions in Aix en Provence.<\/p>\n<p>&nbsp;<\/p>\n<p>&nbsp;<\/p>\n<p><a href=\"http:\/\/www.bargemone.com\/english\/index.html\" target=\"_blank\"><img loading=\"lazy\" decoding=\"async\" class=\"alignleft wp-image-75 size-full\" src=\"http:\/\/www.pavillon-de-beauregard.com\/en\/wp-content\/uploads\/sites\/2\/2014\/06\/la-bargemone.jpg\" alt=\"la-bargemone\" width=\"120\" height=\"120\" \/><\/a><a href=\"http:\/\/www.bargemone.com\/english\/index.html\" target=\"_blank\">La Bargemone<\/a><br \/>\nAOP Wines Coteaux d&rsquo;Aix en Provence.<br \/>\nRed, White and Ros\u00e9 wines.<br \/>\nVisit of the cellar and tasting.<\/p>\n<p>&nbsp;<\/p>\n<p>&nbsp;<\/p>\n<p style=\"text-align: right;\"><em><a href=\"http:\/\/www.wimex-webcom.com\/\" target=\"_blank\">web design wimex-webcom<\/a><\/em><br \/>\nAix en Provence<\/p>\n<\/div>\n<div class=\"csColumnGap\" style=\"margin: 0px; padding: 0px; float: left; width: 1.56%;\"><img decoding=\"async\" src=\"http:\/\/www.pavillon-de-beauregard.com\/en\/wp-content\/plugins\/advanced-wp-columns\/assets\/js\/plugins\/views\/img\/1x1-pixel.png\" alt=\"\" \/><\/div>\n<div style=\"clear: both; float: none; display: block; visibility: hidden; width: 0px; font-size: 0px; line-height: 0;\"><\/div>\n<\/div>\n<p>&nbsp;<\/p>\n","protected":false},"excerpt":{"rendered":"<p>Tours in Provence Guided tours in a private air-conditioned car Verdon, Camargue, Provence &nbsp; Comit\u00e9 D\u00e9partemental du Tourisme Tourist board Bouches du Rh\u00f4ne Events and attractions in the region. &nbsp; CycloPlanet sp\u00e9cialist in the sale and rental of electric bicycles and scooters in Aix en Provence and its region &nbsp; Tourist board \u00a0Aix en Provence [&hellip;]<\/p>\n","protected":false},"author":1,"featured_media":0,"parent":0,"menu_order":0,"comment_status":"closed","ping_status":"closed","template":"","meta":{"footnotes":""},"aioseo_notices":[],"_links":{"self":[{"href":"https:\/\/www.pavillon-de-beauregard.com\/en\/wp-json\/wp\/v2\/pages\/32"}],"collection":[{"href":"https:\/\/www.pavillon-de-beauregard.com\/en\/wp-json\/wp\/v2\/pages"}],"about":[{"href":"https:\/\/www.pavillon-de-beauregard.com\/en\/wp-json\/wp\/v2\/types\/page"}],"author":[{"embeddable":true,"href":"https:\/\/www.pavillon-de-beauregard.com\/en\/wp-json\/wp\/v2\/users\/1"}],"replies":[{"embeddable":true,"href":"https:\/\/www.pavillon-de-beauregard.com\/en\/wp-json\/wp\/v2\/comments?post=32"}],"version-history":[{"count":0,"href":"https:\/\/www.pavillon-de-beauregard.com\/en\/wp-json\/wp\/v2\/pages\/32\/revisions"}],"wp:attachment":[{"href":"https:\/\/www.pavillon-de-beauregard.com\/en\/wp-json\/wp\/v2\/media?parent=32"}],"curies":[{"name":"wp","href":"https:\/\/api.w.org\/{rel}","templated":true}]}}